{"id":1550,"date":"2018-11-05T22:42:07","date_gmt":"2018-11-05T21:42:07","guid":{"rendered":"http:\/\/www.usdivonne.com\/?page_id=1550"},"modified":"2019-02-18T14:58:11","modified_gmt":"2019-02-18T13:58:11","slug":"1990-a-1999","status":"publish","type":"page","link":"https:\/\/www.usdivonne.com\/index.php\/photos-archives\/1990-a-1999\/","title":{"rendered":"1990 &#8211; 1999"},"content":{"rendered":"<h2 style=\"text-align: center;\">PHOTOS 1990 &#8211; 1999<\/h2>\n<figure id=\"attachment_1572\" aria-describedby=\"caption-attachment-1572\" style=\"width: 5510px\" class=\"wp-caption alignnone\"><img loading=\"lazy\" decoding=\"async\" class=\"wp-image-1572 size-full\" src=\"http:\/\/www.usdivonne.com\/wp-content\/uploads\/2018\/11\/USD-199X-2.jpg\" alt=\"\" width=\"5510\" height=\"3192\" srcset=\"https:\/\/www.usdivonne.com\/wp-content\/uploads\/2018\/11\/USD-199X-2.jpg 5510w, https:\/\/www.usdivonne.com\/wp-content\/uploads\/2018\/11\/USD-199X-2-300x174.jpg 300w, https:\/\/www.usdivonne.com\/wp-content\/uploads\/2018\/11\/USD-199X-2-768x445.jpg 768w, https:\/\/www.usdivonne.com\/wp-content\/uploads\/2018\/11\/USD-199X-2-1024x593.jpg 1024w\" sizes=\"auto, (max-width: 5510px) 100vw, 5510px\" \/><figcaption id=\"caption-attachment-1572\" class=\"wp-caption-text\">ANNEE 199? SENIORS<\/figcaption><\/figure>\n<figure id=\"attachment_1574\" aria-describedby=\"caption-attachment-1574\" style=\"width: 5512px\" class=\"wp-caption aligncenter\"><img loading=\"lazy\" decoding=\"async\" class=\"wp-image-1574 size-full\" src=\"http:\/\/www.usdivonne.com\/wp-content\/uploads\/2018\/11\/USD-199X-1.jpg\" alt=\"\" width=\"5512\" height=\"3685\" srcset=\"https:\/\/www.usdivonne.com\/wp-content\/uploads\/2018\/11\/USD-199X-1.jpg 5512w, https:\/\/www.usdivonne.com\/wp-content\/uploads\/2018\/11\/USD-199X-1-300x201.jpg 300w, https:\/\/www.usdivonne.com\/wp-content\/uploads\/2018\/11\/USD-199X-1-768x513.jpg 768w, https:\/\/www.usdivonne.com\/wp-content\/uploads\/2018\/11\/USD-199X-1-1024x685.jpg 1024w\" sizes=\"auto, (max-width: 5512px) 100vw, 5512px\" \/><figcaption id=\"caption-attachment-1574\" class=\"wp-caption-text\">199?<\/figcaption><\/figure>\n<figure id=\"attachment_1575\" aria-describedby=\"caption-attachment-1575\" style=\"width: 5655px\" class=\"wp-caption aligncenter\"><img loading=\"lazy\" decoding=\"async\" class=\"wp-image-1575 size-full\" src=\"http:\/\/www.usdivonne.com\/wp-content\/uploads\/2018\/11\/USD-199X-3.jpg\" alt=\"\" width=\"5655\" height=\"3252\" srcset=\"https:\/\/www.usdivonne.com\/wp-content\/uploads\/2018\/11\/USD-199X-3.jpg 5655w, https:\/\/www.usdivonne.com\/wp-content\/uploads\/2018\/11\/USD-199X-3-300x173.jpg 300w, https:\/\/www.usdivonne.com\/wp-content\/uploads\/2018\/11\/USD-199X-3-768x442.jpg 768w, https:\/\/www.usdivonne.com\/wp-content\/uploads\/2018\/11\/USD-199X-3-1024x589.jpg 1024w\" sizes=\"auto, (max-width: 5655px) 100vw, 5655px\" \/><figcaption id=\"caption-attachment-1575\" class=\"wp-caption-text\">199?<\/figcaption><\/figure>\n<figure id=\"attachment_1555\" aria-describedby=\"caption-attachment-1555\" style=\"width: 5846px\" class=\"wp-caption aligncenter\"><img loading=\"lazy\" decoding=\"async\" class=\"wp-image-1555 size-full\" src=\"http:\/\/www.usdivonne.com\/wp-content\/uploads\/2018\/11\/usd-1990-1991-1.jpg\" alt=\"\" width=\"5846\" height=\"3415\" srcset=\"https:\/\/www.usdivonne.com\/wp-content\/uploads\/2018\/11\/usd-1990-1991-1.jpg 5846w, https:\/\/www.usdivonne.com\/wp-content\/uploads\/2018\/11\/usd-1990-1991-1-300x175.jpg 300w, https:\/\/www.usdivonne.com\/wp-content\/uploads\/2018\/11\/usd-1990-1991-1-768x449.jpg 768w, https:\/\/www.usdivonne.com\/wp-content\/uploads\/2018\/11\/usd-1990-1991-1-1024x598.jpg 1024w\" sizes=\"auto, (max-width: 5846px) 100vw, 5846px\" \/><figcaption id=\"caption-attachment-1555\" class=\"wp-caption-text\">1990 &#8211; 1991 SENIORS<\/figcaption><\/figure>\n<figure id=\"attachment_1804\" aria-describedby=\"caption-attachment-1804\" style=\"width: 452px\" class=\"wp-caption aligncenter\"><img loading=\"lazy\" decoding=\"async\" class=\"wp-image-1804 \" src=\"http:\/\/www.usdivonne.com\/wp-content\/uploads\/2018\/12\/US-DIVONNE-1992.jpg\" alt=\"\" width=\"452\" height=\"339\" srcset=\"https:\/\/www.usdivonne.com\/wp-content\/uploads\/2018\/12\/US-DIVONNE-1992.jpg 320w, https:\/\/www.usdivonne.com\/wp-content\/uploads\/2018\/12\/US-DIVONNE-1992-300x225.jpg 300w\" sizes=\"auto, (max-width: 452px) 100vw, 452px\" \/><figcaption id=\"caption-attachment-1804\" class=\"wp-caption-text\">1992<\/figcaption><\/figure>\n<figure id=\"attachment_2071\" aria-describedby=\"caption-attachment-2071\" style=\"width: 1026px\" class=\"wp-caption aligncenter\"><img loading=\"lazy\" decoding=\"async\" class=\"wp-image-2071 size-full\" src=\"http:\/\/www.usdivonne.com\/wp-content\/uploads\/2019\/02\/USD-1992-11-MINIMES-US-DIVONNE.jpg\" alt=\"\" width=\"1026\" height=\"699\" srcset=\"https:\/\/www.usdivonne.com\/wp-content\/uploads\/2019\/02\/USD-1992-11-MINIMES-US-DIVONNE.jpg 1026w, https:\/\/www.usdivonne.com\/wp-content\/uploads\/2019\/02\/USD-1992-11-MINIMES-US-DIVONNE-300x204.jpg 300w, https:\/\/www.usdivonne.com\/wp-content\/uploads\/2019\/02\/USD-1992-11-MINIMES-US-DIVONNE-768x523.jpg 768w, https:\/\/www.usdivonne.com\/wp-content\/uploads\/2019\/02\/USD-1992-11-MINIMES-US-DIVONNE-1024x698.jpg 1024w\" sizes=\"auto, (max-width: 1026px) 100vw, 1026px\" \/><figcaption id=\"caption-attachment-2071\" class=\"wp-caption-text\">De gauche \u00e0 droite BAS : Moussier &#8211; Tardy &#8211; Fernoux &#8211; Peysson &#8211; Poch\u00e2t &#8211; Ventura &#8211; Rochat &#8211; El Hinda. HAUT : Wagee &#8211; Atroune (entra\u00eeneur) &#8211; Bourgade benjamin &#8211; Mosic Julien &#8211; Cattet &#8211; Bourgade Benoit &#8211; Outaleb &#8211; Bocus &#8211; Grange &#8211; Fournier-Bizaud &#8211; Fernand Gilles (entra\u00eeneur). Au fond \u00e0 gauche , Herv\u00e9 Mosic venu encourager les joueurs. Photo : 20\/11\/92.<\/figcaption><\/figure>\n<figure id=\"attachment_1556\" aria-describedby=\"caption-attachment-1556\" style=\"width: 5702px\" class=\"wp-caption aligncenter\"><img loading=\"lazy\" decoding=\"async\" class=\"wp-image-1556 size-full\" src=\"http:\/\/www.usdivonne.com\/wp-content\/uploads\/2018\/11\/USD-1992-1993-1.jpg\" alt=\"\" width=\"5702\" height=\"3672\" srcset=\"https:\/\/www.usdivonne.com\/wp-content\/uploads\/2018\/11\/USD-1992-1993-1.jpg 5702w, https:\/\/www.usdivonne.com\/wp-content\/uploads\/2018\/11\/USD-1992-1993-1-300x193.jpg 300w, https:\/\/www.usdivonne.com\/wp-content\/uploads\/2018\/11\/USD-1992-1993-1-768x495.jpg 768w, https:\/\/www.usdivonne.com\/wp-content\/uploads\/2018\/11\/USD-1992-1993-1-1024x659.jpg 1024w\" sizes=\"auto, (max-width: 5702px) 100vw, 5702px\" \/><figcaption id=\"caption-attachment-1556\" class=\"wp-caption-text\">1992 &#8211; 1993 SENIORS<\/figcaption><\/figure>\n<figure id=\"attachment_1557\" aria-describedby=\"caption-attachment-1557\" style=\"width: 5742px\" class=\"wp-caption aligncenter\"><img loading=\"lazy\" decoding=\"async\" class=\"wp-image-1557 size-full\" src=\"http:\/\/www.usdivonne.com\/wp-content\/uploads\/2018\/11\/USD-1992-1993-2.jpg\" alt=\"\" width=\"5742\" height=\"3611\" srcset=\"https:\/\/www.usdivonne.com\/wp-content\/uploads\/2018\/11\/USD-1992-1993-2.jpg 5742w, https:\/\/www.usdivonne.com\/wp-content\/uploads\/2018\/11\/USD-1992-1993-2-300x189.jpg 300w, https:\/\/www.usdivonne.com\/wp-content\/uploads\/2018\/11\/USD-1992-1993-2-768x483.jpg 768w, https:\/\/www.usdivonne.com\/wp-content\/uploads\/2018\/11\/USD-1992-1993-2-1024x644.jpg 1024w\" sizes=\"auto, (max-width: 5742px) 100vw, 5742px\" \/><figcaption id=\"caption-attachment-1557\" class=\"wp-caption-text\">1992 &#8211; 1993 SENIORS<\/figcaption><\/figure>\n<figure id=\"attachment_1558\" aria-describedby=\"caption-attachment-1558\" style=\"width: 5896px\" class=\"wp-caption aligncenter\"><img loading=\"lazy\" decoding=\"async\" class=\"wp-image-1558 size-full\" src=\"http:\/\/www.usdivonne.com\/wp-content\/uploads\/2018\/11\/usd-1992-1993-3.jpg\" alt=\"\" width=\"5896\" height=\"3722\" srcset=\"https:\/\/www.usdivonne.com\/wp-content\/uploads\/2018\/11\/usd-1992-1993-3.jpg 5896w, https:\/\/www.usdivonne.com\/wp-content\/uploads\/2018\/11\/usd-1992-1993-3-300x189.jpg 300w, https:\/\/www.usdivonne.com\/wp-content\/uploads\/2018\/11\/usd-1992-1993-3-768x485.jpg 768w, https:\/\/www.usdivonne.com\/wp-content\/uploads\/2018\/11\/usd-1992-1993-3-1024x646.jpg 1024w\" sizes=\"auto, (max-width: 5896px) 100vw, 5896px\" \/><figcaption id=\"caption-attachment-1558\" class=\"wp-caption-text\">1992 &#8211; 1993 SENIORS<\/figcaption><\/figure>\n<figure id=\"attachment_1559\" aria-describedby=\"caption-attachment-1559\" style=\"width: 620px\" class=\"wp-caption aligncenter\"><img loading=\"lazy\" decoding=\"async\" class=\"wp-image-1559 size-large\" src=\"http:\/\/www.usdivonne.com\/wp-content\/uploads\/2018\/11\/USD-1992-TELEFOOT-1024x690.jpg\" alt=\"\" width=\"620\" height=\"418\" srcset=\"https:\/\/www.usdivonne.com\/wp-content\/uploads\/2018\/11\/USD-1992-TELEFOOT-1024x690.jpg 1024w, https:\/\/www.usdivonne.com\/wp-content\/uploads\/2018\/11\/USD-1992-TELEFOOT-300x202.jpg 300w, https:\/\/www.usdivonne.com\/wp-content\/uploads\/2018\/11\/USD-1992-TELEFOOT-768x517.jpg 768w\" sizes=\"auto, (max-width: 620px) 100vw, 620px\" \/><figcaption id=\"caption-attachment-1559\" class=\"wp-caption-text\">1992 Jeunes de l&rsquo;USD \u00e0 T\u00e9l\u00e9foot en compagnie de Thierry ROLAND<\/figcaption><\/figure>\n<figure id=\"attachment_1805\" aria-describedby=\"caption-attachment-1805\" style=\"width: 495px\" class=\"wp-caption aligncenter\"><img loading=\"lazy\" decoding=\"async\" class=\"wp-image-1805 \" src=\"http:\/\/www.usdivonne.com\/wp-content\/uploads\/2018\/12\/US-DIVONNE-1994-1995-JUNIORS.jpg\" alt=\"\" width=\"495\" height=\"371\" srcset=\"https:\/\/www.usdivonne.com\/wp-content\/uploads\/2018\/12\/US-DIVONNE-1994-1995-JUNIORS.jpg 320w, https:\/\/www.usdivonne.com\/wp-content\/uploads\/2018\/12\/US-DIVONNE-1994-1995-JUNIORS-300x225.jpg 300w\" sizes=\"auto, (max-width: 495px) 100vw, 495px\" \/><figcaption id=\"caption-attachment-1805\" class=\"wp-caption-text\">1995 &#8211; 1995 JUNIORS<\/figcaption><\/figure>\n<figure id=\"attachment_1560\" aria-describedby=\"caption-attachment-1560\" style=\"width: 5915px\" class=\"wp-caption aligncenter\"><img loading=\"lazy\" decoding=\"async\" class=\"wp-image-1560 size-full\" src=\"http:\/\/www.usdivonne.com\/wp-content\/uploads\/2018\/11\/USD-1993-1995-1.jpg\" alt=\"\" width=\"5915\" height=\"3926\" srcset=\"https:\/\/www.usdivonne.com\/wp-content\/uploads\/2018\/11\/USD-1993-1995-1.jpg 5915w, https:\/\/www.usdivonne.com\/wp-content\/uploads\/2018\/11\/USD-1993-1995-1-300x199.jpg 300w, https:\/\/www.usdivonne.com\/wp-content\/uploads\/2018\/11\/USD-1993-1995-1-768x510.jpg 768w, https:\/\/www.usdivonne.com\/wp-content\/uploads\/2018\/11\/USD-1993-1995-1-1024x680.jpg 1024w\" sizes=\"auto, (max-width: 5915px) 100vw, 5915px\" \/><figcaption id=\"caption-attachment-1560\" class=\"wp-caption-text\">1994 &#8211; 1995 SENIORS<\/figcaption><\/figure>\n<figure id=\"attachment_1562\" aria-describedby=\"caption-attachment-1562\" style=\"width: 5843px\" class=\"wp-caption aligncenter\"><img loading=\"lazy\" decoding=\"async\" class=\"wp-image-1562 size-full\" src=\"http:\/\/www.usdivonne.com\/wp-content\/uploads\/2018\/11\/USD-1994-1995.jpg\" alt=\"\" width=\"5843\" height=\"3445\" srcset=\"https:\/\/www.usdivonne.com\/wp-content\/uploads\/2018\/11\/USD-1994-1995.jpg 5843w, https:\/\/www.usdivonne.com\/wp-content\/uploads\/2018\/11\/USD-1994-1995-300x177.jpg 300w, https:\/\/www.usdivonne.com\/wp-content\/uploads\/2018\/11\/USD-1994-1995-768x453.jpg 768w, https:\/\/www.usdivonne.com\/wp-content\/uploads\/2018\/11\/USD-1994-1995-1024x604.jpg 1024w\" sizes=\"auto, (max-width: 5843px) 100vw, 5843px\" \/><figcaption id=\"caption-attachment-1562\" class=\"wp-caption-text\">1994 &#8211; 1995 SENIORS<\/figcaption><\/figure>\n<figure id=\"attachment_1561\" aria-describedby=\"caption-attachment-1561\" style=\"width: 960px\" class=\"wp-caption aligncenter\"><img loading=\"lazy\" decoding=\"async\" class=\"wp-image-1561 size-full\" src=\"http:\/\/www.usdivonne.com\/wp-content\/uploads\/2018\/11\/USD-1994-1995-SENIORS-2.jpg\" alt=\"\" width=\"960\" height=\"540\" srcset=\"https:\/\/www.usdivonne.com\/wp-content\/uploads\/2018\/11\/USD-1994-1995-SENIORS-2.jpg 960w, https:\/\/www.usdivonne.com\/wp-content\/uploads\/2018\/11\/USD-1994-1995-SENIORS-2-300x169.jpg 300w, https:\/\/www.usdivonne.com\/wp-content\/uploads\/2018\/11\/USD-1994-1995-SENIORS-2-768x432.jpg 768w\" sizes=\"auto, (max-width: 960px) 100vw, 960px\" \/><figcaption id=\"caption-attachment-1561\" class=\"wp-caption-text\">1994 &#8211; 1995 SENIORS<\/figcaption><\/figure>\n<figure id=\"attachment_1563\" aria-describedby=\"caption-attachment-1563\" style=\"width: 4109px\" class=\"wp-caption aligncenter\"><img loading=\"lazy\" decoding=\"async\" class=\"wp-image-1563 size-full\" src=\"http:\/\/www.usdivonne.com\/wp-content\/uploads\/2018\/11\/USD-1997-POUSSINS.jpg\" alt=\"\" width=\"4109\" height=\"2187\" srcset=\"https:\/\/www.usdivonne.com\/wp-content\/uploads\/2018\/11\/USD-1997-POUSSINS.jpg 4109w, https:\/\/www.usdivonne.com\/wp-content\/uploads\/2018\/11\/USD-1997-POUSSINS-300x160.jpg 300w, https:\/\/www.usdivonne.com\/wp-content\/uploads\/2018\/11\/USD-1997-POUSSINS-768x409.jpg 768w, https:\/\/www.usdivonne.com\/wp-content\/uploads\/2018\/11\/USD-1997-POUSSINS-1024x545.jpg 1024w\" sizes=\"auto, (max-width: 4109px) 100vw, 4109px\" \/><figcaption id=\"caption-attachment-1563\" class=\"wp-caption-text\">1997 (?) POUSSINS<\/figcaption><\/figure>\n<figure id=\"attachment_1564\" aria-describedby=\"caption-attachment-1564\" style=\"width: 2769px\" class=\"wp-caption aligncenter\"><img loading=\"lazy\" decoding=\"async\" class=\"wp-image-1564 size-full\" src=\"http:\/\/www.usdivonne.com\/wp-content\/uploads\/2018\/11\/USD-1998.jpg\" alt=\"\" width=\"2769\" height=\"1588\" srcset=\"https:\/\/www.usdivonne.com\/wp-content\/uploads\/2018\/11\/USD-1998.jpg 2769w, https:\/\/www.usdivonne.com\/wp-content\/uploads\/2018\/11\/USD-1998-300x172.jpg 300w, https:\/\/www.usdivonne.com\/wp-content\/uploads\/2018\/11\/USD-1998-768x440.jpg 768w, https:\/\/www.usdivonne.com\/wp-content\/uploads\/2018\/11\/USD-1998-1024x587.jpg 1024w\" sizes=\"auto, (max-width: 2769px) 100vw, 2769px\" \/><figcaption id=\"caption-attachment-1564\" class=\"wp-caption-text\">1998 POUSSINS<\/figcaption><\/figure>\n<figure id=\"attachment_1565\" aria-describedby=\"caption-attachment-1565\" style=\"width: 3660px\" class=\"wp-caption aligncenter\"><img loading=\"lazy\" decoding=\"async\" class=\"wp-image-1565 size-full\" src=\"http:\/\/www.usdivonne.com\/wp-content\/uploads\/2018\/11\/USD-1999.jpg\" alt=\"\" width=\"3660\" height=\"2467\" srcset=\"https:\/\/www.usdivonne.com\/wp-content\/uploads\/2018\/11\/USD-1999.jpg 3660w, https:\/\/www.usdivonne.com\/wp-content\/uploads\/2018\/11\/USD-1999-300x202.jpg 300w, https:\/\/www.usdivonne.com\/wp-content\/uploads\/2018\/11\/USD-1999-768x518.jpg 768w, https:\/\/www.usdivonne.com\/wp-content\/uploads\/2018\/11\/USD-1999-1024x690.jpg 1024w\" sizes=\"auto, (max-width: 3660px) 100vw, 3660px\" \/><figcaption id=\"caption-attachment-1565\" class=\"wp-caption-text\">1999<\/figcaption><\/figure>\n","protected":false},"excerpt":{"rendered":"<p>PHOTOS 1990 &#8211; 1999<\/p>\n","protected":false},"author":33,"featured_media":0,"parent":1546,"menu_order":0,"comment_status":"closed","ping_status":"closed","template":"","meta":{"footnotes":""},"class_list":["post-1550","page","type-page","status-publish","hentry"],"_links":{"self":[{"href":"https:\/\/www.usdivonne.com\/index.php\/wp-json\/wp\/v2\/pages\/1550","targetHints":{"allow":["GET"]}}],"collection":[{"href":"https:\/\/www.usdivonne.com\/index.php\/wp-json\/wp\/v2\/pages"}],"about":[{"href":"https:\/\/www.usdivonne.com\/index.php\/wp-json\/wp\/v2\/types\/page"}],"author":[{"embeddable":true,"href":"https:\/\/www.usdivonne.com\/index.php\/wp-json\/wp\/v2\/users\/33"}],"replies":[{"embeddable":true,"href":"https:\/\/www.usdivonne.com\/index.php\/wp-json\/wp\/v2\/comments?post=1550"}],"version-history":[{"count":13,"href":"https:\/\/www.usdivonne.com\/index.php\/wp-json\/wp\/v2\/pages\/1550\/revisions"}],"predecessor-version":[{"id":2072,"href":"https:\/\/www.usdivonne.com\/index.php\/wp-json\/wp\/v2\/pages\/1550\/revisions\/2072"}],"up":[{"embeddable":true,"href":"https:\/\/www.usdivonne.com\/index.php\/wp-json\/wp\/v2\/pages\/1546"}],"wp:attachment":[{"href":"https:\/\/www.usdivonne.com\/index.php\/wp-json\/wp\/v2\/media?parent=1550"}],"curies":[{"name":"wp","href":"https:\/\/api.w.org\/{rel}","templated":true}]}}