{"id":314,"date":"2017-10-09T15:50:49","date_gmt":"2017-10-09T13:50:49","guid":{"rendered":"http:\/\/www.usdivonne.com\/?page_id=314"},"modified":"2017-10-09T15:50:49","modified_gmt":"2017-10-09T13:50:49","slug":"le-role-des-parents","status":"publish","type":"page","link":"https:\/\/www.usdivonne.com\/index.php\/le-role-des-parents\/","title":{"rendered":"LE R\u00d4LE DES PARENTS"},"content":{"rendered":"<div id=\"primary\">\n<div class=\"page smart_pictures_width\"><strong>L\u2019ACCOMPAGNER<\/strong><\/p>\n<p>Etre pr\u00e9sent aux rencontres de vos enfants<br \/>\nAccompagner les \u00e9quipes<br \/>\nLes soutenir aussi bien dans les victoires que dans les d\u00e9faites<br \/>\nParticiper aux manifestations de la saison du club<br \/>\nPrendre part aux transports des jeunes<br \/>\nFaire b\u00e9n\u00e9ficier le club de vos comp\u00e9tences.<\/p>\n<p><strong>FAIRE RESPECTER LA CHARTE DU JEUNE FOOTBALLEUR<\/strong><\/p>\n<p>Vous \u00eates la r\u00e9f\u00e9rence aux yeux de votre enfant, donc le relais id\u00e9al pour valoriser les attitudes de fair-play de l\u2019arbitre<br \/>\nRespect de l\u2019adversaire, des dirigeants qui sont des b\u00e9n\u00e9voles et qui transmettent leur passion du football<br \/>\nEtre positif et garder le sourire quoi qu\u2019il arrive, rester ma\u00eetre de soi en toutes circonstances<br \/>\nRespect des \u00e9quipements et de l\u2019environnement sportif (terrains, vestiaires propres, mat\u00e9riel mis \u00e0 disposition gratuitement par les collectivit\u00e9s locales<br \/>\nCultiver l\u2019esprit d\u2019\u00e9quipe plut\u00f4t que l\u2019esprit de comp\u00e9tition<\/p>\n<p><strong>CR\u00c9ER UN LIEN AVEC SA FAMILLE FOOT<\/strong><\/p>\n<p>Dialoguer avec les dirigeants, les b\u00e9n\u00e9voles, l\u2019\u00e9ducateur du club de votre enfant, rien de tel pour vous tenir au courant de sa progression et de la vie du club (changement d\u2019horaires des entra\u00eenements, lieu des rencontres, perte de v\u00eatements, progression sportive,\u2026.)<\/p>\n<p><em><strong>Quelques conseils aux parents<\/strong><\/em><\/p>\n<p>1. D\u00e9veloppez le fair-play : que votre enfant apprenne \u00e0 se battre dans le respect des adversaires et de l&rsquo;arbitre.<\/p>\n<p>2. N&rsquo;acceptez pas de mauvais comportements, sur et en-dehors du terrain.<\/p>\n<p>3. Respectez l&rsquo;arbitre, l&rsquo;\u00e9quipe, les parents et le club adverse.<\/p>\n<p>4. Soyez positif : f\u00e9licitez-le lorsqu&rsquo;il a un bon comportement sans pour autant le glorifier exag\u00e9r\u00e9ment.<\/p>\n<p>5. N&rsquo;augmentez pas, par votre attitude, le stress de la comp\u00e9tition.<\/p>\n<p>6. Restez positif apr\u00e8s une d\u00e9faite, remontez le moral de votre enfant.<\/p>\n<p>7. Votre enfant a le droit de ne pas \u00eatre un champion, ne lui fixez pas un objectif trop \u00e9lev\u00e9 et ne comparez pas ses performances avec celles de ses camarades.<\/p>\n<p>8. Ne t\u00e9l\u00e9guidez pas votre enfant, ne jouez pas \u00e0 sa place, n&rsquo;intervenez pas pendant les matches, restez derri\u00e8re la main courante.<\/p>\n<p>9. Faites confiance \u00e0 l&rsquo;entra\u00eeneur. Aidez-le, mais ne vous substituez pas \u00e0 lui.<\/p>\n<p>10. L&rsquo;\u00e9cole du football n&rsquo;est pas une garderie. Investissez-vous dans la vie du club. Aidez au transport des enfants, organisez un go\u00fbter \u00e0 la fin des matches&#8230;<\/p><\/div>\n<div class=\"ad mobile-ad\"><\/div>\n<\/div>\n<div id=\"secondary\"><\/div>\n","protected":false},"excerpt":{"rendered":"<p>L\u2019ACCOMPAGNER Etre pr\u00e9sent aux rencontres de vos enfants Accompagner les \u00e9quipes Les soutenir aussi bien dans les victoires que dans les d\u00e9faites Participer aux manifestations de la saison du club Prendre part aux transports des jeunes Faire b\u00e9n\u00e9ficier le club de vos comp\u00e9tences. FAIRE RESPECTER LA CHARTE DU JEUNE FOOTBALLEUR Vous \u00eates la r\u00e9f\u00e9rence aux [&hellip;]<\/p>\n","protected":false},"author":1,"featured_media":0,"parent":0,"menu_order":0,"comment_status":"closed","ping_status":"closed","template":"","meta":{"footnotes":""},"class_list":["post-314","page","type-page","status-publish","hentry"],"_links":{"self":[{"href":"https:\/\/www.usdivonne.com\/index.php\/wp-json\/wp\/v2\/pages\/314","targetHints":{"allow":["GET"]}}],"collection":[{"href":"https:\/\/www.usdivonne.com\/index.php\/wp-json\/wp\/v2\/pages"}],"about":[{"href":"https:\/\/www.usdivonne.com\/index.php\/wp-json\/wp\/v2\/types\/page"}],"author":[{"embeddable":true,"href":"https:\/\/www.usdivonne.com\/index.php\/wp-json\/wp\/v2\/users\/1"}],"replies":[{"embeddable":true,"href":"https:\/\/www.usdivonne.com\/index.php\/wp-json\/wp\/v2\/comments?post=314"}],"version-history":[{"count":1,"href":"https:\/\/www.usdivonne.com\/index.php\/wp-json\/wp\/v2\/pages\/314\/revisions"}],"predecessor-version":[{"id":316,"href":"https:\/\/www.usdivonne.com\/index.php\/wp-json\/wp\/v2\/pages\/314\/revisions\/316"}],"wp:attachment":[{"href":"https:\/\/www.usdivonne.com\/index.php\/wp-json\/wp\/v2\/media?parent=314"}],"curies":[{"name":"wp","href":"https:\/\/api.w.org\/{rel}","templated":true}]}}