{"id":368,"date":"2017-10-11T12:35:15","date_gmt":"2017-10-11T10:35:15","guid":{"rendered":"http:\/\/www.usdivonne.com\/?page_id=368"},"modified":"2025-11-09T09:31:42","modified_gmt":"2025-11-09T08:31:42","slug":"les-dirigeants","status":"publish","type":"page","link":"https:\/\/www.usdivonne.com\/index.php\/les-dirigeants\/","title":{"rendered":"Les Dirigeants"},"content":{"rendered":"<p><strong>A &#8211; Le Comit\u00e9\u00a0<\/strong><\/p>\n<p><strong>Pr\u00e9sident d&rsquo;honneur : Jean-Claude PACCANI<\/strong><\/p>\n<p><strong>Co-Pr\u00e9sidents : Jean-Fran\u00e7ois PONCET &#8211; Patrick GRADOZ (membres du Comit\u00e9 Directeur)\u00a0<\/strong><\/p>\n<p><strong>Secr\u00e9taire : G\u00e9rard ROCHAT (membre du Comit\u00e9 Directeur)<\/strong><\/p>\n<p><strong>Secr\u00e9taire adjoint : Lydie ALBESPY<\/strong><\/p>\n<p><strong>Tr\u00e9sorier : Pascal FIRMIN (membre du Comit\u00e9 Directeur)<\/strong><\/p>\n<p><strong>Tr\u00e9sorier adjoint : Michelle LORET<\/strong><\/p>\n<p><strong>Membres : <\/strong><\/p>\n<p><strong>BERNARD Jean &#8211; BERTIN Lucie &#8211; BOCQUEREAU Virginie &#8211; BOISSEAUX Hugo &#8211; LORET Richard (membre du Comit\u00e9 Directeur) &#8211; <\/strong><strong>OLIVEIRA DA COSTA <\/strong><strong>SILVA Ana &#8211; RODRIGUEZ Antonio &#8211; YOU CHIRPAZ CERBAT Xavier<\/strong><\/p>\n<p>&nbsp;<\/p>\n<p><strong>B &#8211; Les Employ\u00e9s du Club<\/strong><\/p>\n<p><strong>Employ\u00e9s \u00e0 plein temps :<\/strong> <strong>IMBERT Philippe<\/strong><\/p>\n<p><strong>Apprenti BPJEPS :\u00a0 CORAL Maho &#8211; DA COSTA MEIRA Rodrigo<\/strong><\/p>\n<p><img loading=\"lazy\" decoding=\"async\" class=\"aligncenter wp-image-3522 size-large\" src=\"http:\/\/www.usdivonne.com\/wp-content\/uploads\/2019\/11\/PHOTOS-CALENDRIER-USD-EDUCATEURS-1024x726.jpg\" alt=\"\" width=\"620\" height=\"440\" srcset=\"https:\/\/www.usdivonne.com\/wp-content\/uploads\/2019\/11\/PHOTOS-CALENDRIER-USD-EDUCATEURS-1024x726.jpg 1024w, https:\/\/www.usdivonne.com\/wp-content\/uploads\/2019\/11\/PHOTOS-CALENDRIER-USD-EDUCATEURS-300x213.jpg 300w, https:\/\/www.usdivonne.com\/wp-content\/uploads\/2019\/11\/PHOTOS-CALENDRIER-USD-EDUCATEURS-768x544.jpg 768w\" sizes=\"auto, (max-width: 620px) 100vw, 620px\" \/><\/p>\n<p><b>C &#8211; Le R\u00f4le des Dirigeants<\/b><\/p>\n<p><b><\/b>1.Qu&rsquo;est ce qu&rsquo;un dirigeant<br \/>\nLe dirigeant doit \u00eatre une personne adulte et responsable qui aide l&rsquo;\u00e9ducateur dans sa t\u00e2che d&rsquo;encadrement\u00a0d&rsquo;une \u00e9quipe.<br \/>\nLe dirigeant doit \u00eatre nomm\u00e9 sur la feuille de match et doit \u00eatre\u00a0titulaire d&rsquo;une\u00a0licence particuli\u00e8re dite \u00ab licence dirigeant \u00bb.<br \/>\nLes dirigeants sont b\u00e9n\u00e9voles, c&rsquo;est \u00e0 dire qu&rsquo;ils donnent leur\u00a0temps, leur \u00e9nergie, leur amour du sport sans rien attendre d&rsquo;autre<br \/>\nen retour que le plaisir d&rsquo;aller au bout d&rsquo;un projet avec des jeunes\u00a0ou moins jeunes et le respect qui est du \u00e0 leur fonction et \u00e0 leur\u00a0personne.<br \/>\nIls sont les repr\u00e9sentants de l&rsquo;\u00e9quipe, des joueurs et du club.<br \/>\nIls doivent adh\u00e9rer au projet du club, et s&rsquo;entendrent<br \/>\nparfaitement avec les entra\u00eeneurs avec lesquels ils travaillent.<\/p>\n<p>2.Le r\u00f4le des dirigeants<br \/>\nA) T\u00e2ches habituelles :<br \/>\n&#8211; conna\u00eetre les bases des lois du jeu et avoir des\u00a0connaissances sur les r\u00e8glements g\u00e9n\u00e9raux et plus\u00a0sp\u00e9cifiquement ceux de la cat\u00e9gorie de joueurs concern\u00e9e.<br \/>\n&#8211; pr\u00e9parer et v\u00e9rifier les licences \u00e0 emporter (ne pas oublier\u00a0de les r\u00e9cup\u00e9rer)<br \/>\n&#8211; servir d&rsquo;interm\u00e9diaire avec les instances administratives du\u00a0club<br \/>\n&#8211; organiser les lavages de maillots<br \/>\n&#8211; comptabiliser les cartons afin de ne pas faire jouer un\u00a0joueur suspendu<br \/>\n&#8211; \u00eatre en relation permanente avec l&rsquo;entra\u00eeneur, les\u00a0joueurs et les parents<br \/>\n&#8211; aider \u00e0 organiser les manifestations extra sportives\u00a0(sorties, repas, tournoi, loto, etc&#8230;.).<br \/>\n&#8211; v\u00e9rifier les convocations en termes de date, horaires, lieu.<br \/>\nB) Avant le match<br \/>\n: &#8211;v\u00e9hiculer les joueurs<br \/>\n&#8211; s&rsquo;enqu\u00e9rir de la situation (quels vestiaires occuper, sur\u00a0quel terrain jouer, etc&#8230;.)<br \/>\n&#8211; accueillir l&rsquo;adversaire, l&rsquo;arbitre, et les guider vers leurs\u00a0vestiaires respectifs quand le match se d\u00e9roule \u00e0 Divonne.<br \/>\n-\u00e0 l&rsquo;ext\u00e9rieur, aller \u00e0 la rencontre des dirigeants adverses\u00a0afin de se pr\u00e9senter, et de prendre tous les renseignements\u00a0n\u00e9cessaires \u00e0 une bonne pr\u00e9paration de match<br \/>\n&#8211; \u00e9tablir la feuille de match et v\u00e9rifier qu\u2019elle soit compl\u00e8te.<br \/>\n&#8211; v\u00e9rifier les licences des adversaires.<br \/>\n&#8211; v\u00e9rifier, s&rsquo;il n&rsquo;y a pas de joueurs suspendus chez\u00a0l&rsquo;adversaire<br \/>\n&#8211; s&rsquo;occuper de la pharmacie (et la compl\u00e9ter)<br \/>\n&#8211; transporter et v\u00e9rifier les ballons de match et les maillots<br \/>\n&#8211; apporter des bidons d&rsquo;eau<br \/>\nC) Pendant le match :<br \/>\n&#8211; Encadrer les joueurs sur le terrain.<br \/>\n&#8211; Ne pas contester l\u2019arbitre et ses assistants.<br \/>\n&#8211; En cas d\u2019absence de l\u2019\u00e9ducateur, pouvoir le remplacer.<br \/>\nD) Apr\u00e8s le match :<br \/>\n&#8211; v\u00e9rifier l&rsquo;\u00e9tat des vestiaires<br \/>\n&#8211; v\u00e9rifier que le go\u00fbter se passe dans le calme<br \/>\n&#8211; Etre pr\u00e9sent dans la discussion apr\u00e8s un match avec les\u00a0parents, les\u00a0adversaires<br \/>\n&#8211; Le r\u00f4le du dirigeant prend toute sa dimension quand on\u00a0comprend qu&rsquo;il est le premier repr\u00e9sentant du Club\u00a0avant un match.<br \/>\n&#8211; Il donne donc le ton, l&rsquo;esprit de toute l&rsquo;\u00e9quipe.<br \/>\nSavoir encourager, \u00eatre \u00e0 l&rsquo;\u00e9coute des joueurs et accepter les\u00a0reproches<\/p>\n","protected":false},"excerpt":{"rendered":"<p>A &#8211; Le Comit\u00e9\u00a0 Pr\u00e9sident d&rsquo;honneur : Jean-Claude PACCANI Co-Pr\u00e9sidents : Jean-Fran\u00e7ois PONCET &#8211; Patrick GRADOZ (membres du Comit\u00e9 Directeur)\u00a0 Secr\u00e9taire : G\u00e9rard ROCHAT (membre du Comit\u00e9 Directeur) Secr\u00e9taire adjoint : Lydie ALBESPY Tr\u00e9sorier : Pascal FIRMIN (membre du Comit\u00e9 Directeur) Tr\u00e9sorier adjoint : Michelle LORET Membres : BERNARD Jean &#8211; BERTIN Lucie &#8211; BOCQUEREAU [&hellip;]<\/p>\n","protected":false},"author":1,"featured_media":0,"parent":0,"menu_order":0,"comment_status":"closed","ping_status":"closed","template":"","meta":{"footnotes":""},"class_list":["post-368","page","type-page","status-publish","hentry"],"_links":{"self":[{"href":"https:\/\/www.usdivonne.com\/index.php\/wp-json\/wp\/v2\/pages\/368","targetHints":{"allow":["GET"]}}],"collection":[{"href":"https:\/\/www.usdivonne.com\/index.php\/wp-json\/wp\/v2\/pages"}],"about":[{"href":"https:\/\/www.usdivonne.com\/index.php\/wp-json\/wp\/v2\/types\/page"}],"author":[{"embeddable":true,"href":"https:\/\/www.usdivonne.com\/index.php\/wp-json\/wp\/v2\/users\/1"}],"replies":[{"embeddable":true,"href":"https:\/\/www.usdivonne.com\/index.php\/wp-json\/wp\/v2\/comments?post=368"}],"version-history":[{"count":21,"href":"https:\/\/www.usdivonne.com\/index.php\/wp-json\/wp\/v2\/pages\/368\/revisions"}],"predecessor-version":[{"id":7386,"href":"https:\/\/www.usdivonne.com\/index.php\/wp-json\/wp\/v2\/pages\/368\/revisions\/7386"}],"wp:attachment":[{"href":"https:\/\/www.usdivonne.com\/index.php\/wp-json\/wp\/v2\/media?parent=368"}],"curies":[{"name":"wp","href":"https:\/\/api.w.org\/{rel}","templated":true}]}}