{"id":3879,"date":"2020-05-30T08:48:51","date_gmt":"2020-05-30T06:48:51","guid":{"rendered":"http:\/\/www.usdivonne.com\/index.php\/petites-annonces\/parcourir-toutes-les-annonces\/"},"modified":"2020-05-30T08:48:51","modified_gmt":"2020-05-30T06:48:51","slug":"parcourir-toutes-les-annonces","status":"publish","type":"page","link":"https:\/\/www.usdivonne.com\/index.php\/petites-annonces\/parcourir-toutes-les-annonces\/","title":{"rendered":"Parcourir toutes les annonces"},"content":{"rendered":"<div class=\"awpcp-browse-ads awpcp-page\" id=\"classiwrapper\">\n    \n        <div class=\"uiwelcome\">Vous cherchez ou vendez du mat\u00e9riel de foot ? Parcourez nos petites annonces. N\u2019h\u00e9sitez pas \u00e0 d\u00e9poser une annonce sur notre site !<\/div>\n    \n        \n<div class=\"awpcp-classifieds-search-bar\" data-breakpoints='{\"tiny\": [0,450]}' data-breakpoints-class-prefix=\"awpcp-classifieds-search-bar\">\n    <form action=\"https:\/\/www.usdivonne.com\/index.php\/recherche-dannonce\/\" method=\"get\">\n                <input type=\"hidden\" name=\"awpcp-step\" value=\"dosearch\" \/>\n        <div class=\"awpcp-classifieds-search-bar--query-field\">\n            <label class=\"screen-reader-text\" for=\"awpcp-search-query-field\">Rechercher:<\/label>\n            <input id=\"awpcp-search-query-field\" type=\"text\" name=\"keywordphrase\" \/>\n        <\/div>\n        <div class=\"awpcp-classifieds-search-bar--submit-button\">\n            <input class=\"button\" type=\"submit\" value=\"Recherche\" \/>\n        <\/div>\n        <div class=\"awpcp-classifieds-search-bar--advanced-search-link\"><a href=\"https:\/\/www.usdivonne.com\/index.php\/recherche-dannonce\/\">Recherche avanc\u00e9e <\/a><\/div>\n    <\/form>\n<\/div>\n<ul class=\"awpcp-classifieds-menu awpcp-clearfix\" data-breakpoints='{\"tiny\": [0,400], \"small\": [400,500]}' data-breakpoints-class-prefix=\"awpcp-classifieds-menu\">\n    <li class=\"awpcp-classifieds-menu--menu-item awpcp-classifieds-menu--post-listing-menu-item\">\n        <a class=\"awpcp-classifieds-menu--menu-item-link button\" href=\"https:\/\/www.usdivonne.com\/index.php\/petites-annonces\/ajouter-une-annonce\">Ajouter une annonce<\/a>\n    <\/li>\n    <li class=\"awpcp-classifieds-menu--menu-item awpcp-classifieds-menu--browse-listings-menu-item\">\n        <a class=\"awpcp-classifieds-menu--menu-item-link button\" href=\"https:\/\/www.usdivonne.com\/index.php\/petites-annonces\/parcourir-toutes-les-annonces\">Parcourir toutes les annonces<\/a>\n    <\/li>\n    <li class=\"awpcp-classifieds-menu--menu-item awpcp-classifieds-menu--search-listings-menu-item\">\n        <a class=\"awpcp-classifieds-menu--menu-item-link button\" href=\"https:\/\/www.usdivonne.com\/index.php\/recherche-dannonce\">Recherche d&#039;annonce<\/a>\n    <\/li>\n<\/ul>\n    \n    <form class=\"awpcp-category-switcher\" method=\"post\" action=\"https:\/\/www.usdivonne.com\/index.php\/petites-annonces\/parcourir-toutes-les-annonces\">\n        <input type=\"hidden\" name=\"offset\" value=\"0\" \/>\n    \n    <div class=\"awpcp-category-dropdown-container\">\n        <label class=\"awpcp-category-dropdown-label\" for=\"awpcp-category-dropdown-69f330531209f\">Cat\u00e9gorie\u00a0:<\/label>\n\n\n<select id=\"awpcp-category-dropdown-69f330531209f\" class=\"awpcp-category-dropdown awpcp-dropdown \" name=\"awpcp_category_id\" data-hash=\"69f330531209f\" placeholder=\"Toutes les rubriques\" data-auto=\"auto\" style=\"width: 100%\">\n        <option class=\"awpcp-dropdown-placeholder\">Toutes les rubriques<\/option>\n    <option class=\"dropdownparentcategory\" value=\"75\">V\u00eatement de Sport<\/option><option class=\"dropdownparentcategory\" value=\"76\">Chaussures<\/option><option class=\"dropdownparentcategory\" value=\"74\">Divers<\/option><\/select>\n\n\n<script type=\"text\/javascript\">var categories_69f330531209f = {\"mode\":\"basic\",\"select2\":{\"containerCssClass\":\"awpcp-category-dropdown-selection\",\"dropdownCssClass\":\"awpcp-category-dropdown-options\",\"allowClear\":true,\"placeholder\":\"Toutes les rubriques\",\"maximumSelectionLength\":100},\"selectedCategoriesIds\":[],\"categoriesHierarchy\":{\"root\":[{\"term_id\":75,\"name\":\"V\\u00eatement de Sport\",\"slug\":\"vetement-de-sport\",\"term_group\":0,\"term_taxonomy_id\":75,\"taxonomy\":\"awpcp_listing_category\",\"description\":\"\",\"parent\":0,\"count\":0,\"filter\":\"raw\"},{\"term_id\":76,\"name\":\"Chaussures\",\"slug\":\"chaussures\",\"term_group\":0,\"term_taxonomy_id\":76,\"taxonomy\":\"awpcp_listing_category\",\"description\":\"\",\"parent\":0,\"count\":0,\"filter\":\"raw\"},{\"term_id\":74,\"name\":\"Divers\",\"slug\":\"divers\",\"term_group\":0,\"term_taxonomy_id\":74,\"taxonomy\":\"awpcp_listing_category\",\"description\":\"\",\"parent\":0,\"count\":0,\"filter\":\"raw\"}]},\"paymentTerms\":[],\"subcategoryLabel\":\"S\\u00e9lectionnez une sous-rubrique\"};<\/script>\n    <\/div>\n<\/form>\n\n    <div class=\"awpcp-listings awpcp-clearboth\">\n                    <p>Aucune Annonce n\u2019a \u00e9t\u00e9 trouv\u00e9e.<\/p>\n            <\/div>\n\n    <\/div>\n\n","protected":false},"excerpt":{"rendered":"","protected":false},"author":1,"featured_media":0,"parent":3876,"menu_order":0,"comment_status":"closed","ping_status":"closed","template":"","meta":{"footnotes":""},"class_list":["post-3879","page","type-page","status-publish","hentry"],"_links":{"self":[{"href":"https:\/\/www.usdivonne.com\/index.php\/wp-json\/wp\/v2\/pages\/3879","targetHints":{"allow":["GET"]}}],"collection":[{"href":"https:\/\/www.usdivonne.com\/index.php\/wp-json\/wp\/v2\/pages"}],"about":[{"href":"https:\/\/www.usdivonne.com\/index.php\/wp-json\/wp\/v2\/types\/page"}],"author":[{"embeddable":true,"href":"https:\/\/www.usdivonne.com\/index.php\/wp-json\/wp\/v2\/users\/1"}],"replies":[{"embeddable":true,"href":"https:\/\/www.usdivonne.com\/index.php\/wp-json\/wp\/v2\/comments?post=3879"}],"version-history":[{"count":0,"href":"https:\/\/www.usdivonne.com\/index.php\/wp-json\/wp\/v2\/pages\/3879\/revisions"}],"up":[{"embeddable":true,"href":"https:\/\/www.usdivonne.com\/index.php\/wp-json\/wp\/v2\/pages\/3876"}],"wp:attachment":[{"href":"https:\/\/www.usdivonne.com\/index.php\/wp-json\/wp\/v2\/media?parent=3879"}],"curies":[{"name":"wp","href":"https:\/\/api.w.org\/{rel}","templated":true}]}}