{"id":40,"date":"2017-06-26T11:55:36","date_gmt":"2017-06-26T09:55:36","guid":{"rendered":"http:\/\/www.usdivonne.com\/?page_id=40"},"modified":"2025-11-09T09:35:31","modified_gmt":"2025-11-09T08:35:31","slug":"blog","status":"publish","type":"page","link":"https:\/\/www.usdivonne.com\/index.php\/blog\/","title":{"rendered":"Historique"},"content":{"rendered":"<h2 style=\"text-align: center;\">HISTORIQUE US DIVONNE<\/h2>\n<p><img loading=\"lazy\" decoding=\"async\" class=\"aligncenter wp-image-1902 size-large\" src=\"http:\/\/www.usdivonne.com\/wp-content\/uploads\/2019\/01\/1954-EQUIPE-DE-FRANCE-1024x531.jpg\" alt=\"\" width=\"620\" height=\"322\" srcset=\"https:\/\/www.usdivonne.com\/wp-content\/uploads\/2019\/01\/1954-EQUIPE-DE-FRANCE-1024x531.jpg 1024w, https:\/\/www.usdivonne.com\/wp-content\/uploads\/2019\/01\/1954-EQUIPE-DE-FRANCE-300x155.jpg 300w, https:\/\/www.usdivonne.com\/wp-content\/uploads\/2019\/01\/1954-EQUIPE-DE-FRANCE-768x398.jpg 768w\" sizes=\"auto, (max-width: 620px) 100vw, 620px\" \/><\/p>\n<figure id=\"attachment_1456\" aria-describedby=\"caption-attachment-1456\" style=\"width: 620px\" class=\"wp-caption aligncenter\"><img loading=\"lazy\" decoding=\"async\" class=\"wp-image-1456 size-large\" src=\"http:\/\/www.usdivonne.com\/wp-content\/uploads\/2018\/11\/USD-1954-1024x548.jpg\" alt=\"\" width=\"620\" height=\"332\" srcset=\"https:\/\/www.usdivonne.com\/wp-content\/uploads\/2018\/11\/USD-1954-1024x548.jpg 1024w, https:\/\/www.usdivonne.com\/wp-content\/uploads\/2018\/11\/USD-1954-300x161.jpg 300w, https:\/\/www.usdivonne.com\/wp-content\/uploads\/2018\/11\/USD-1954-768x411.jpg 768w\" sizes=\"auto, (max-width: 620px) 100vw, 620px\" \/><figcaption id=\"caption-attachment-1456\" class=\"wp-caption-text\"><strong>Pr\u00e9paration coupe du Monde 1954 \u00e0 Divonne-les-Bains<\/strong><\/figcaption><\/figure>\n<p>L&rsquo;Union Sportive Divonnaise \u00e9tait, \u00e0\u00a0 ses d\u00e9buts, une association \u00ab\u00a0multisports\u00a0\u00bb, comprenant la gymnastique, le tir, les boules et le football. Elle s&rsquo;affilia \u00e0\u00a0 la F\u00e9d\u00e9ration Fran\u00e7aise de Football en 1922. Les statuts de l&rsquo;\u00e9poque indiquaient que l&rsquo;association a pour but, par la pratique des exercices physiques, et notamment du Football Association, de pr\u00e9parer au pays des hommes robustes et de cr\u00e9er entre tous ses membres des liens d&rsquo;amiti\u00e9 et de bonne camaraderie\u00a0\u00bb !! Avant la guerre de 1939-1945, l&rsquo;USD appartenait au District Ain-Jura et disputait le championnat du Groupement Gessien, et les rencontres de finales et de coupes obligeaient les Divonnais \u00e0\u00a0 se d\u00e9placer fort loin. A domicile, ils \u00e9voluaient sur un terrain situ\u00e9 \u00e0\u00a0 l&#8217;emplacement de l&rsquo;actuel jardin public, pr\u00e8s de la gare.Puis, apr\u00e8s le conflit, l&rsquo;USD, comme d&rsquo;autres clubs du Pays de Gex, afin d&rsquo;\u00e9viter de lointains d\u00e9placements, demanda son rattachement \u00e0\u00a0 la F\u00e9d\u00e9ration Suisse de Football, au sein de laquelle elle \u00e9voluera jusqu&rsquo;en 1954. Les matchs se jouaient alors \u00ab\u00a0en Champagne\u00a0\u00bb sur le stade actuel, ceint d&rsquo;une piste d&rsquo;athl\u00e9tisme, mais \u00e0\u00a0 l&rsquo;\u00e9poque perdu au milieu des champs.<\/p>\n<figure id=\"attachment_1434\" aria-describedby=\"caption-attachment-1434\" style=\"width: 256px\" class=\"wp-caption alignleft\"><img loading=\"lazy\" decoding=\"async\" class=\"wp-image-1434\" src=\"http:\/\/www.usdivonne.com\/wp-content\/uploads\/2018\/11\/REPUBLIQUE-NOUVELLE-05-JUIN-1954-124x300.png\" alt=\"\" width=\"256\" height=\"619\" srcset=\"https:\/\/www.usdivonne.com\/wp-content\/uploads\/2018\/11\/REPUBLIQUE-NOUVELLE-05-JUIN-1954-124x300.png 124w, https:\/\/www.usdivonne.com\/wp-content\/uploads\/2018\/11\/REPUBLIQUE-NOUVELLE-05-JUIN-1954.png 341w\" sizes=\"auto, (max-width: 256px) 100vw, 256px\" \/><figcaption id=\"caption-attachment-1434\" class=\"wp-caption-text\">La R\u00e9publique Nouvelle du 5 Juin 1954<\/figcaption><\/figure>\n<p>Cette ann\u00e9e-l\u00e0 , la Coupe du Monde se disputait en Suisse, et l&rsquo;\u00e9quipe de France avait choisi Divonne-les-bains comme camp de vill\u00e9giature et d&rsquo;entrainement. Le Pr\u00e9sident de la F.F.F en a profit\u00e9 pour essayer de faire revenir les clubs du Pays de Gex dans le giron de la F.F.F. Les Pr\u00e9sidents des soci\u00e9t\u00e9s concern\u00e9es, sous la houlette du Dr Corcelle de Thoiry, ont accept\u00e9 apr\u00e8s bien des discussions, mais \u00e0\u00a0 la condition expresse que le Pays de Gex soit rattach\u00e9 au District de Haute-Savoie et non \u00e0\u00a0 celui de l&rsquo;Ain, pour \u00e9viter de longs trajets, alors que le r\u00e8glement exige que les Districts correspondent aux d\u00e9partements. La F.F.F a ent\u00e9rin\u00e9 ce souhait, et cette situation incongrue, une des seules en France, dure toujours.Depuis cette p\u00e9riode l&rsquo;USD a suivi une \u00e9volution r\u00e9guli\u00e8re, surtout depuis les saisons 1964-1965 qui virent l&rsquo;\u00e9quipe fanion arriver en Excellence de District, puis acc\u00e9der enfin aux championnats de Ligue, niveau ou elle \u00e9volue actuellement, Promotion d&rsquo;Honneur R\u00e9gional pour les seniors et Promotion de Ligue pour les joueurs de la cat\u00e9gorie &#8211; de 13 ans. Parall\u00e8lement \u00e0\u00a0 l&rsquo;\u00e9volution du football seniors, le club, dans les ann\u00e9es 1980, sous l&rsquo;impulsion de son Pr\u00e9sident Henri GROS-PIRON, aid\u00e9 par Joseph SAULTIER, premier Pr\u00e9sident de la section jeunes, a suivi le mouvement jeune mis en place par le District. D\u00e8s la cr\u00e9ation des comp\u00e9titions jeunes, l&rsquo;USD s&rsquo;est toujours efforc\u00e9e d&rsquo;aligner une \u00e9quipe dans chaque cat\u00e9gorie. La Soci\u00e9t\u00e9, et c&rsquo;est assez remarquable, n&rsquo;a \u00e9t\u00e9 dirig\u00e9e depuis la guerre que par seulement 8 Pr\u00e9sidents successifs : Messieurs Emile MARTIN, Henri GROS-PIRON, Philippe ROCHAT, Claude BENOIT-GONNIN, Paul PERELLI, Jean Luc BONIFAY, Fabrice CATEEUW et depuis la saison 2017 Jean-Fran\u00e7ois PONCET. En 2020, le Club a d\u00e9cid\u00e9 de nommer 2 Co-Pr\u00e9sidents, Ce sont Jean-Fran\u00e7ois PONCET et Patrick GRADOZ qui assurent ces fonctions.<\/p>\n","protected":false},"excerpt":{"rendered":"<p>HISTORIQUE US DIVONNE L&rsquo;Union Sportive Divonnaise \u00e9tait, \u00e0\u00a0 ses d\u00e9buts, une association \u00ab\u00a0multisports\u00a0\u00bb, comprenant la gymnastique, le tir, les boules et le football. Elle s&rsquo;affilia \u00e0\u00a0 la F\u00e9d\u00e9ration Fran\u00e7aise de Football en 1922. Les statuts de l&rsquo;\u00e9poque indiquaient que l&rsquo;association a pour but, par la pratique des exercices physiques, et notamment du Football Association, de [&hellip;]<\/p>\n","protected":false},"author":1,"featured_media":0,"parent":0,"menu_order":0,"comment_status":"closed","ping_status":"closed","template":"","meta":{"footnotes":""},"class_list":["post-40","page","type-page","status-publish","hentry"],"_links":{"self":[{"href":"https:\/\/www.usdivonne.com\/index.php\/wp-json\/wp\/v2\/pages\/40","targetHints":{"allow":["GET"]}}],"collection":[{"href":"https:\/\/www.usdivonne.com\/index.php\/wp-json\/wp\/v2\/pages"}],"about":[{"href":"https:\/\/www.usdivonne.com\/index.php\/wp-json\/wp\/v2\/types\/page"}],"author":[{"embeddable":true,"href":"https:\/\/www.usdivonne.com\/index.php\/wp-json\/wp\/v2\/users\/1"}],"replies":[{"embeddable":true,"href":"https:\/\/www.usdivonne.com\/index.php\/wp-json\/wp\/v2\/comments?post=40"}],"version-history":[{"count":12,"href":"https:\/\/www.usdivonne.com\/index.php\/wp-json\/wp\/v2\/pages\/40\/revisions"}],"predecessor-version":[{"id":7387,"href":"https:\/\/www.usdivonne.com\/index.php\/wp-json\/wp\/v2\/pages\/40\/revisions\/7387"}],"wp:attachment":[{"href":"https:\/\/www.usdivonne.com\/index.php\/wp-json\/wp\/v2\/media?parent=40"}],"curies":[{"name":"wp","href":"https:\/\/api.w.org\/{rel}","templated":true}]}}